{"id":64,"date":"2018-02-05T23:33:38","date_gmt":"2018-02-05T22:33:38","guid":{"rendered":"http:\/\/blog.perspektive-hoeren.info\/?page_id=64"},"modified":"2018-03-10T16:22:19","modified_gmt":"2018-03-10T15:22:19","slug":"kontakt","status":"publish","type":"page","link":"http:\/\/blog.perspektive-hoeren.info\/ro\/kontakt\/","title":{"rendered":"Persoan\u0103 de contact"},"content":{"rendered":"<p class=\"adresse\">Perspektive e.V.,<a href=\"http:\/\/blog.perspektive-hoeren.info\/wp-content\/uploads\/2018\/03\/vulcan_254.png\"><img fetchpriority=\"high\" decoding=\"async\" class=\"alignright size-medium wp-image-161\" src=\"http:\/\/blog.perspektive-hoeren.info\/wp-content\/uploads\/2018\/03\/vulcan_254-300x200.png\" alt=\"\" width=\"300\" height=\"200\" \/><\/a><br \/>\nemail: <a href=\"mailto: kontakt@perspektive-hoeren.info\">kontakt@perspektive-hoeren.info<\/a><br \/>\nTel.: 0421\/275483, Fax: 0421\/2769093<br \/>\nAm Lehester Deich 97c, 28357 Bremen<\/p>\n<p class=\"adresse\">Dona cont:<\/p>\n<p>Perspektive e.V.<br \/>\nIBAN: DE08290501010080604275<br \/>\nBIC: SBREDE22XXX<br \/>\nBanca: Sparkasse Bremen<\/p>\n","protected":false},"excerpt":{"rendered":"<p>Perspektive e.V., email: kontakt@perspektive-hoeren.info Tel.: 0421\/275483, Fax: 0421\/2769093 Am Lehester Deich 97c, 28357 Bremen Dona cont: Perspektive e.V. IBAN: DE08290501010080604275<\/p>\n","protected":false},"author":1,"featured_media":0,"parent":0,"menu_order":0,"comment_status":"closed","ping_status":"closed","template":"","meta":{"colormag_page_container_layout":"default_layout","colormag_page_sidebar_layout":"default_layout","footnotes":""},"class_list":["post-64","page","type-page","status-publish","hentry"],"translation":{"provider":"WPGlobus","version":"3.0.2","language":"ro","enabled_languages":["de","ro"],"languages":{"de":{"title":true,"content":true,"excerpt":false},"ro":{"title":true,"content":true,"excerpt":false}}},"yoast_head":"<!-- This site is optimized with the Yoast SEO plugin v27.5 - https:\/\/yoast.com\/product\/yoast-seo-wordpress\/ -->\n<title>Persoan\u0103 de contact - Perspektive H\u00f6ren<\/title>\n<meta name=\"robots\" content=\"index, follow, max-snippet:-1, max-image-preview:large, max-video-preview:-1\" \/>\n<link rel=\"canonical\" href=\"http:\/\/blog.perspektive-hoeren.info\/kontakt\/\" \/>\n<meta property=\"og:locale\" content=\"ro_RO\" \/>\n<meta property=\"og:type\" content=\"article\" \/>\n<meta property=\"og:title\" content=\"Persoan\u0103 de contact - Perspektive H\u00f6ren\" \/>\n<meta property=\"og:url\" content=\"http:\/\/blog.perspektive-hoeren.info\/kontakt\/\" \/>\n<meta property=\"og:site_name\" content=\"Perspektive H\u00f6ren\" \/>\n<meta property=\"article:modified_time\" content=\"2018-03-10T15:22:19+00:00\" \/>\n<meta property=\"og:image\" content=\"http:\/\/blog.perspektive-hoeren.info\/wp-content\/uploads\/2018\/03\/vulcan_254-300x200.png\" \/>\n<meta name=\"twitter:card\" content=\"summary_large_image\" \/>\n<script type=\"application\/ld+json\" class=\"yoast-schema-graph\">{\"@context\":\"https:\\\/\\\/schema.org\",\"@graph\":[{\"@type\":\"WebPage\",\"@id\":\"http:\\\/\\\/blog.perspektive-hoeren.info\\\/kontakt\\\/\",\"url\":\"http:\\\/\\\/blog.perspektive-hoeren.info\\\/kontakt\\\/\",\"name\":\"Persoan\u0103 de contact - Perspektive H\u00f6ren\",\"isPartOf\":{\"@id\":\"https:\\\/\\\/blog.perspektive-hoeren.info\\\/#website\"},\"primaryImageOfPage\":{\"@id\":\"http:\\\/\\\/blog.perspektive-hoeren.info\\\/kontakt\\\/#primaryimage\"},\"image\":{\"@id\":\"http:\\\/\\\/blog.perspektive-hoeren.info\\\/kontakt\\\/#primaryimage\"},\"thumbnailUrl\":\"http:\\\/\\\/blog.perspektive-hoeren.info\\\/wp-content\\\/uploads\\\/2018\\\/03\\\/vulcan_254-300x200.png\",\"datePublished\":\"2018-02-05T22:33:38+00:00\",\"dateModified\":\"2018-03-10T15:22:19+00:00\",\"breadcrumb\":{\"@id\":\"http:\\\/\\\/blog.perspektive-hoeren.info\\\/kontakt\\\/#breadcrumb\"},\"inLanguage\":\"ro-RO\",\"potentialAction\":[{\"@type\":\"ReadAction\",\"target\":[\"http:\\\/\\\/blog.perspektive-hoeren.info\\\/kontakt\\\/\"]}]},{\"@type\":\"ImageObject\",\"inLanguage\":\"ro-RO\",\"@id\":\"http:\\\/\\\/blog.perspektive-hoeren.info\\\/kontakt\\\/#primaryimage\",\"url\":\"http:\\\/\\\/blog.perspektive-hoeren.info\\\/wp-content\\\/uploads\\\/2018\\\/03\\\/vulcan_254-300x200.png\",\"contentUrl\":\"http:\\\/\\\/blog.perspektive-hoeren.info\\\/wp-content\\\/uploads\\\/2018\\\/03\\\/vulcan_254-300x200.png\"},{\"@type\":\"BreadcrumbList\",\"@id\":\"http:\\\/\\\/blog.perspektive-hoeren.info\\\/kontakt\\\/#breadcrumb\",\"itemListElement\":[{\"@type\":\"ListItem\",\"position\":1,\"name\":\"Startseite\",\"item\":\"https:\\\/\\\/blog.perspektive-hoeren.info\\\/\"},{\"@type\":\"ListItem\",\"position\":2,\"name\":\"Kontakt\"}]},{\"@type\":\"WebSite\",\"@id\":\"https:\\\/\\\/blog.perspektive-hoeren.info\\\/#website\",\"url\":\"https:\\\/\\\/blog.perspektive-hoeren.info\\\/\",\"name\":\"Perspektive H\u00f6ren\",\"description\":\"F\u00f6rderverein f\u00fcr h\u00f6rgesch\u00e4digte Kinder und Jugendliche in Rum\u00e4nien und anderen osteurop\u00e4ischen L\u00e4ndern e.V.\",\"publisher\":{\"@id\":\"https:\\\/\\\/blog.perspektive-hoeren.info\\\/#organization\"},\"potentialAction\":[{\"@type\":\"SearchAction\",\"target\":{\"@type\":\"EntryPoint\",\"urlTemplate\":\"https:\\\/\\\/blog.perspektive-hoeren.info\\\/?s={search_term_string}\"},\"query-input\":{\"@type\":\"PropertyValueSpecification\",\"valueRequired\":true,\"valueName\":\"search_term_string\"}}],\"inLanguage\":\"ro-RO\"},{\"@type\":\"Organization\",\"@id\":\"https:\\\/\\\/blog.perspektive-hoeren.info\\\/#organization\",\"name\":\"Perspektive H\u00f6ren\",\"url\":\"https:\\\/\\\/blog.perspektive-hoeren.info\\\/\",\"logo\":{\"@type\":\"ImageObject\",\"inLanguage\":\"ro-RO\",\"@id\":\"https:\\\/\\\/blog.perspektive-hoeren.info\\\/#\\\/schema\\\/logo\\\/image\\\/\",\"url\":\"http:\\\/\\\/blog.perspektive-hoeren.info\\\/wp-content\\\/uploads\\\/2018\\\/02\\\/cropped-Perspektive_mobile.png\",\"contentUrl\":\"http:\\\/\\\/blog.perspektive-hoeren.info\\\/wp-content\\\/uploads\\\/2018\\\/02\\\/cropped-Perspektive_mobile.png\",\"width\":598,\"height\":92,\"caption\":\"Perspektive H\u00f6ren\"},\"image\":{\"@id\":\"https:\\\/\\\/blog.perspektive-hoeren.info\\\/#\\\/schema\\\/logo\\\/image\\\/\"}}]}<\/script>\n<!-- \/ Yoast SEO plugin. -->","yoast_head_json":{"title":"Persoan\u0103 de contact - Perspektive H\u00f6ren","robots":{"index":"index","follow":"follow","max-snippet":"max-snippet:-1","max-image-preview":"max-image-preview:large","max-video-preview":"max-video-preview:-1"},"canonical":"http:\/\/blog.perspektive-hoeren.info\/kontakt\/","og_locale":"ro_RO","og_type":"article","og_title":"Persoan\u0103 de contact - Perspektive H\u00f6ren","og_url":"http:\/\/blog.perspektive-hoeren.info\/kontakt\/","og_site_name":"Perspektive H\u00f6ren","article_modified_time":"2018-03-10T15:22:19+00:00","og_image":[{"url":"http:\/\/blog.perspektive-hoeren.info\/wp-content\/uploads\/2018\/03\/vulcan_254-300x200.png","type":"","width":"","height":""}],"twitter_card":"summary_large_image","schema":{"@context":"https:\/\/schema.org","@graph":[{"@type":"WebPage","@id":"http:\/\/blog.perspektive-hoeren.info\/kontakt\/","url":"http:\/\/blog.perspektive-hoeren.info\/kontakt\/","name":"Persoan\u0103 de contact - Perspektive H\u00f6ren","isPartOf":{"@id":"https:\/\/blog.perspektive-hoeren.info\/#website"},"primaryImageOfPage":{"@id":"http:\/\/blog.perspektive-hoeren.info\/kontakt\/#primaryimage"},"image":{"@id":"http:\/\/blog.perspektive-hoeren.info\/kontakt\/#primaryimage"},"thumbnailUrl":"http:\/\/blog.perspektive-hoeren.info\/wp-content\/uploads\/2018\/03\/vulcan_254-300x200.png","datePublished":"2018-02-05T22:33:38+00:00","dateModified":"2018-03-10T15:22:19+00:00","breadcrumb":{"@id":"http:\/\/blog.perspektive-hoeren.info\/kontakt\/#breadcrumb"},"inLanguage":"ro-RO","potentialAction":[{"@type":"ReadAction","target":["http:\/\/blog.perspektive-hoeren.info\/kontakt\/"]}]},{"@type":"ImageObject","inLanguage":"ro-RO","@id":"http:\/\/blog.perspektive-hoeren.info\/kontakt\/#primaryimage","url":"http:\/\/blog.perspektive-hoeren.info\/wp-content\/uploads\/2018\/03\/vulcan_254-300x200.png","contentUrl":"http:\/\/blog.perspektive-hoeren.info\/wp-content\/uploads\/2018\/03\/vulcan_254-300x200.png"},{"@type":"BreadcrumbList","@id":"http:\/\/blog.perspektive-hoeren.info\/kontakt\/#breadcrumb","itemListElement":[{"@type":"ListItem","position":1,"name":"Startseite","item":"https:\/\/blog.perspektive-hoeren.info\/"},{"@type":"ListItem","position":2,"name":"Kontakt"}]},{"@type":"WebSite","@id":"https:\/\/blog.perspektive-hoeren.info\/#website","url":"https:\/\/blog.perspektive-hoeren.info\/","name":"Perspektive H\u00f6ren","description":"F\u00f6rderverein f\u00fcr h\u00f6rgesch\u00e4digte Kinder und Jugendliche in Rum\u00e4nien und anderen osteurop\u00e4ischen L\u00e4ndern e.V.","publisher":{"@id":"https:\/\/blog.perspektive-hoeren.info\/#organization"},"potentialAction":[{"@type":"SearchAction","target":{"@type":"EntryPoint","urlTemplate":"https:\/\/blog.perspektive-hoeren.info\/?s={search_term_string}"},"query-input":{"@type":"PropertyValueSpecification","valueRequired":true,"valueName":"search_term_string"}}],"inLanguage":"ro-RO"},{"@type":"Organization","@id":"https:\/\/blog.perspektive-hoeren.info\/#organization","name":"Perspektive H\u00f6ren","url":"https:\/\/blog.perspektive-hoeren.info\/","logo":{"@type":"ImageObject","inLanguage":"ro-RO","@id":"https:\/\/blog.perspektive-hoeren.info\/#\/schema\/logo\/image\/","url":"http:\/\/blog.perspektive-hoeren.info\/wp-content\/uploads\/2018\/02\/cropped-Perspektive_mobile.png","contentUrl":"http:\/\/blog.perspektive-hoeren.info\/wp-content\/uploads\/2018\/02\/cropped-Perspektive_mobile.png","width":598,"height":92,"caption":"Perspektive H\u00f6ren"},"image":{"@id":"https:\/\/blog.perspektive-hoeren.info\/#\/schema\/logo\/image\/"}}]}},"wps_subtitle":"","_links":{"self":[{"href":"http:\/\/blog.perspektive-hoeren.info\/ro\/wp-json\/wp\/v2\/pages\/64","targetHints":{"allow":["GET"]}}],"collection":[{"href":"http:\/\/blog.perspektive-hoeren.info\/ro\/wp-json\/wp\/v2\/pages"}],"about":[{"href":"http:\/\/blog.perspektive-hoeren.info\/ro\/wp-json\/wp\/v2\/types\/page"}],"author":[{"embeddable":true,"href":"http:\/\/blog.perspektive-hoeren.info\/ro\/wp-json\/wp\/v2\/users\/1"}],"replies":[{"embeddable":true,"href":"http:\/\/blog.perspektive-hoeren.info\/ro\/wp-json\/wp\/v2\/comments?post=64"}],"version-history":[{"count":1,"href":"http:\/\/blog.perspektive-hoeren.info\/ro\/wp-json\/wp\/v2\/pages\/64\/revisions"}],"predecessor-version":[{"id":346,"href":"http:\/\/blog.perspektive-hoeren.info\/ro\/wp-json\/wp\/v2\/pages\/64\/revisions\/346"}],"wp:attachment":[{"href":"http:\/\/blog.perspektive-hoeren.info\/ro\/wp-json\/wp\/v2\/media?parent=64"}],"curies":[{"name":"wp","href":"https:\/\/api.w.org\/{rel}","templated":true}]}}